{"id":1977,"date":"2023-01-10T18:59:08","date_gmt":"2023-01-10T21:59:08","guid":{"rendered":"https:\/\/conotech-argentina.com\/?post_type=product&#038;p=1977"},"modified":"2023-01-10T19:20:01","modified_gmt":"2023-01-10T22:20:01","slug":"monocular-termico-tipo-gafas-con-casco-tactico-thermal-goggles-conotech-pharos-3","status":"publish","type":"product","link":"https:\/\/conotech-argentina.com\/index.php\/product\/monocular-termico-tipo-gafas-con-casco-tactico-thermal-goggles-conotech-pharos-3\/","title":{"rendered":"Monocular t\u00e9rmico tipo gafas con casco t\u00e1ctico (thermal Goggles) Conotech Pharos 3"},"content":{"rendered":"<p>Precio en d\u00f3lares, tambi\u00e9n se reciben pesos argentinos al cambio de d\u00f3lar blue venta (billete).<\/p>\n<p>Novedoso monocular t\u00e9rmico t\u00e1ctico con posibilidad de adosarse a casco con montaje PVS-14 de estilo t\u00e1ctico. Permite tener una visi\u00f3n t\u00e9rmica con manos libres.<\/p>\n<p>Marca: Conotech<\/p>\n<p>Modelo: Pharos 3<\/p>\n<p>Garantia: 3 a\u00f1os de f\u00e1brica.<\/p>\n<p>Es un innovador productos con excelentes especificaciones. Posee resoluci\u00f3n 384&#215;288, 12um de paso de pixel, 40mk NETD y sin aumento optico (si posee zoom).<\/p>\n<p>Puede ver el resto de las especificaciones en las fotos.<\/p>\n<div class=\"ast-oembed-container \" style=\"height: 100%;\"><iframe title=\"Thermal Goggles Conotech Pharos 3 helmet PVS14 visor t\u00e9rmico casco\" width=\"500\" height=\"281\" src=\"https:\/\/www.youtube.com\/embed\/vJ0PYTWXJ5o?feature=oembed\" frameborder=\"0\" allow=\"accelerometer; autoplay; clipboard-write; encrypted-media; gyroscope; picture-in-picture; web-share\" referrerpolicy=\"strict-origin-when-cross-origin\" allowfullscreen><\/iframe><\/div>\n","protected":false},"excerpt":{"rendered":"<p>Precio en d\u00f3lares, tambi\u00e9n se reciben pesos argentinos al cambio de d\u00f3lar blue venta (billete). Novedoso monocular t\u00e9rmico t\u00e1ctico con posibilidad de adosarse a casco con montaje PVS-14 de estilo t\u00e1ctico. Permite tener una visi\u00f3n t\u00e9rmica con manos libres. Marca: Conotech Modelo: Pharos 3 Garantia: 3 a\u00f1os de f\u00e1brica. Es un innovador productos con excelentes [&hellip;]<\/p>\n","protected":false},"featured_media":1906,"template":"","meta":{"site-sidebar-layout":"default","site-content-layout":"default","ast-site-content-layout":"default","site-content-style":"default","site-sidebar-style":"default","ast-global-header-display":"","ast-banner-title-visibility":"","ast-main-header-display":"","ast-hfb-above-header-display":"","ast-hfb-below-header-display":"","ast-hfb-mobile-header-display":"","site-post-title":"","ast-breadcrumbs-content":"","ast-featured-img":"","footer-sml-layout":"","ast-disable-related-posts":"","theme-transparent-header-meta":"default","adv-header-id-meta":"","stick-header-meta":"","header-above-stick-meta":"","header-main-stick-meta":"","header-below-stick-meta":"","astra-migrate-meta-layouts":"default","ast-page-background-enabled":"default","ast-page-background-meta":{"desktop":{"background-color":"","background-image":"","background-repeat":"repeat","background-position":"center center","background-size":"auto","background-attachment":"scroll","background-type":"","background-media":"","overlay-type":"","overlay-color":"","overlay-opacity":"","overlay-gradient":""},"tablet":{"background-color":"","background-image":"","background-repeat":"repeat","background-position":"center center","background-size":"auto","background-attachment":"scroll","background-type":"","background-media":"","overlay-type":"","overlay-color":"","overlay-opacity":"","overlay-gradient":""},"mobile":{"background-color":"","background-image":"","background-repeat":"repeat","background-position":"center center","background-size":"auto","background-attachment":"scroll","background-type":"","background-media":"","overlay-type":"","overlay-color":"","overlay-opacity":"","overlay-gradient":""}},"ast-content-background-meta":{"desktop":{"background-color":"var(--ast-global-color-5)","background-image":"","background-repeat":"repeat","background-position":"center center","background-size":"auto","background-attachment":"scroll","background-type":"","background-media":"","overlay-type":"","overlay-color":"","overlay-opacity":"","overlay-gradient":""},"tablet":{"background-color":"var(--ast-global-color-5)","background-image":"","background-repeat":"repeat","background-position":"center center","background-size":"auto","background-attachment":"scroll","background-type":"","background-media":"","overlay-type":"","overlay-color":"","overlay-opacity":"","overlay-gradient":""},"mobile":{"background-color":"var(--ast-global-color-5)","background-image":"","background-repeat":"repeat","background-position":"center center","background-size":"auto","background-attachment":"scroll","background-type":"","background-media":"","overlay-type":"","overlay-color":"","overlay-opacity":"","overlay-gradient":""}}},"product_brand":[],"product_cat":[29],"product_tag":[],"class_list":{"0":"post-1977","1":"product","2":"type-product","3":"status-publish","4":"has-post-thumbnail","6":"product_cat-monocular-gafas-con-casco","7":"desktop-align-left","8":"tablet-align-left","9":"mobile-align-left","11":"first","12":"instock","13":"featured","14":"shipping-taxable","15":"purchasable","16":"product-type-simple"},"_links":{"self":[{"href":"https:\/\/conotech-argentina.com\/index.php\/wp-json\/wp\/v2\/product\/1977","targetHints":{"allow":["GET"]}}],"collection":[{"href":"https:\/\/conotech-argentina.com\/index.php\/wp-json\/wp\/v2\/product"}],"about":[{"href":"https:\/\/conotech-argentina.com\/index.php\/wp-json\/wp\/v2\/types\/product"}],"wp:featuredmedia":[{"embeddable":true,"href":"https:\/\/conotech-argentina.com\/index.php\/wp-json\/wp\/v2\/media\/1906"}],"wp:attachment":[{"href":"https:\/\/conotech-argentina.com\/index.php\/wp-json\/wp\/v2\/media?parent=1977"}],"wp:term":[{"taxonomy":"product_brand","embeddable":true,"href":"https:\/\/conotech-argentina.com\/index.php\/wp-json\/wp\/v2\/product_brand?post=1977"},{"taxonomy":"product_cat","embeddable":true,"href":"https:\/\/conotech-argentina.com\/index.php\/wp-json\/wp\/v2\/product_cat?post=1977"},{"taxonomy":"product_tag","embeddable":true,"href":"https:\/\/conotech-argentina.com\/index.php\/wp-json\/wp\/v2\/product_tag?post=1977"}],"curies":[{"name":"wp","href":"https:\/\/api.w.org\/{rel}","templated":true}]}}